{"id":770,"date":"2025-08-11T21:21:25","date_gmt":"2025-08-11T18:21:25","guid":{"rendered":"https:\/\/www.kartanopadel.com\/?page_id=770"},"modified":"2025-08-12T20:53:39","modified_gmt":"2025-08-12T17:53:39","slug":"smash-out-porvoo-ry","status":"publish","type":"page","link":"https:\/\/www.kartanopadel.com\/?page_id=770","title":{"rendered":"Smash Out Porvoo Ry"},"content":{"rendered":"<p>[et_pb_section fb_built=&#8221;1&#8243; _builder_version=&#8221;4.20.2&#8243; _module_preset=&#8221;default&#8221; min_height=&#8221;261px&#8221; custom_padding=&#8221;9px||2px|||&#8221; global_colors_info=&#8221;{}&#8221;][et_pb_row _builder_version=&#8221;4.22.2&#8243; _module_preset=&#8221;default&#8221; global_colors_info=&#8221;{}&#8221;][et_pb_column type=&#8221;4_4&#8243; _builder_version=&#8221;4.22.2&#8243; _module_preset=&#8221;default&#8221; global_colors_info=&#8221;{}&#8221;][et_pb_heading _builder_version=&#8221;4.22.2&#8243; _module_preset=&#8221;default&#8221; global_colors_info=&#8221;{}&#8221;][\/et_pb_heading][et_pb_text _builder_version=&#8221;4.22.2&#8243; _module_preset=&#8221;33d8ed47-9575-4183-ae48-b1d6c4145db4&#8243; header_2_font=&#8221;Syncopate|700||on|||||&#8221; header_2_text_color=&#8221;#000000&#8243; header_2_font_size=&#8221;60px&#8221; header_2_line_height=&#8221;1.2em&#8221; custom_padding=&#8221;||0px|||&#8221; header_2_font_size_tablet=&#8221;32px&#8221; header_2_font_size_phone=&#8221;20px&#8221; header_2_font_size_last_edited=&#8221;on|phone&#8221; locked=&#8221;off&#8221; global_colors_info=&#8221;{}&#8221;]<\/p>\n<h2>Smash Out Porvoo Ry<\/h2>\n<p>[\/et_pb_text][\/et_pb_column][\/et_pb_row][et_pb_row column_structure=&#8221;1_2,1_2&#8243; _builder_version=&#8221;4.22.2&#8243; _module_preset=&#8221;default&#8221; min_height=&#8221;381.4px&#8221; custom_padding=&#8221;7px||0px|||&#8221; global_colors_info=&#8221;{}&#8221;][et_pb_column type=&#8221;1_2&#8243; _builder_version=&#8221;4.22.2&#8243; _module_preset=&#8221;default&#8221; global_colors_info=&#8221;{}&#8221;][et_pb_text _builder_version=&#8221;4.20.2&#8243; _module_preset=&#8221;7e815e5b-c042-4930-9f47-86f0425bfee6&#8243; header_font=&#8221;||||||||&#8221; header_4_font=&#8221;Syncopate|700||on|||||&#8221; header_4_text_color=&#8221;#000000&#8243; header_4_font_size=&#8221;14px&#8221; header_4_line_height=&#8221;1.8em&#8221; max_width=&#8221;550px&#8221; custom_margin=&#8221;-3px|||||&#8221; header_4_font_size_tablet=&#8221;14px&#8221; header_4_font_size_phone=&#8221;12px&#8221; header_4_font_size_last_edited=&#8221;on|desktop&#8221; locked=&#8221;off&#8221; global_colors_info=&#8221;{}&#8221;]<\/p>\n<p><strong>Smash Out Porvoon<\/strong> tarkoituksena on edist\u00e4\u00e4 padelin harrastus- ja kilpailutoimintaa.<\/p>\n<p>J\u00e4rjest\u00e4mme erilaisia tapahtumia ja kilpailuja Kartano Padel \u00d6lstensiss\u00e4.<\/p>\n<p>Seura on perustettu kes\u00e4ll\u00e4 2025 ja on <a href=\"https:\/\/padel.fi\/\">Suomen Padelliiton<\/a> j\u00e4senseura.\u00a0Smash Out Porvoon j\u00e4senen\u00e4 saat osallistumisoikeuden liiton virallisiin kilpailuihin.<\/p>\n<p>Liity nyt seuran j\u00e4seneksi!<\/p>\n<p>Seuran toimintakausi on tammi-joulukuu mutta liittyess\u00e4si nyt syksyll\u00e4 2025 saat syksyn kaupan p\u00e4\u00e4lle ja j\u00e4senyys on voimassa vuoden 2026 loppuun!<\/p>\n<p><strong>Liittyess\u00e4si j\u00e4seneksi, saat huikeita j\u00e4senetuja!\u00a0 Alla t\u00e4m\u00e4hetkiset j\u00e4senedut 2025-2026:<\/strong><\/p>\n<p><strong>Kartano Padel \u00d6lstens edut:<\/strong><\/p>\n<p>&#8211; Pelivuorojen alennukset viikonloppuisin <strong>-20%<\/strong> omasta osuudesta tai maksaessasi koko vuoron, voimassa pe-su.<\/p>\n<p>&#8211; Varauskalenteri n\u00e4kyy viisi viikkoa eteenp\u00e4in j\u00e4senille<\/p>\n<p>&#8211; Smash Out Porvoon j\u00e4rjest\u00e4mist\u00e4 turnauksista 5\u20ac alennus<\/p>\n<p>&#8211; Smash Out Porvoon j\u00e4rjest\u00e4miin kansallisiin kisoihin alennettu hinta seuran j\u00e4senille<\/p>\n<p>&#8211; Ilmainen pallotykki j\u00e4senille<\/p>\n<p>&#8211; Ilmainen 1.5h pelivuoro lauantaina, sunnuntaina tai arkena ennen klo 16 (kertaluontoinen)<\/p>\n<p>&nbsp;<\/p>\n<p>[\/et_pb_text][\/et_pb_column][et_pb_column type=&#8221;1_2&#8243; _builder_version=&#8221;4.22.2&#8243; _module_preset=&#8221;default&#8221; global_colors_info=&#8221;{}&#8221;][et_pb_image src=&#8221;https:\/\/www.kartanopadel.com\/wp-content\/uploads\/2025\/08\/smashporvoologo.jpg&#8221; title_text=&#8221;smashporvoologo&#8221; _builder_version=&#8221;4.27.4&#8243; _module_preset=&#8221;default&#8221; global_colors_info=&#8221;{}&#8221;][\/et_pb_image][et_pb_text _builder_version=&#8221;4.27.4&#8243; _module_preset=&#8221;default&#8221; background_image=&#8221;https:\/\/www.kartanopadel.com\/wp-content\/uploads\/2023\/05\/KARTANOPADELOLSTENS-scaled.jpg&#8221; min_height=&#8221;287px&#8221; global_colors_info=&#8221;{}&#8221;][\/et_pb_text][\/et_pb_column][\/et_pb_row][et_pb_row _builder_version=&#8221;4.22.2&#8243; _module_preset=&#8221;default&#8221; custom_margin=&#8221;|auto|-11px|auto||&#8221; global_colors_info=&#8221;{}&#8221;][et_pb_column type=&#8221;4_4&#8243; _builder_version=&#8221;4.22.2&#8243; _module_preset=&#8221;default&#8221; global_colors_info=&#8221;{}&#8221;][et_pb_divider _builder_version=&#8221;4.22.2&#8243; _module_preset=&#8221;default&#8221; global_colors_info=&#8221;{}&#8221;][\/et_pb_divider][\/et_pb_column][\/et_pb_row][\/et_pb_section][et_pb_section fb_built=&#8221;1&#8243; admin_label=&#8221;Features&#8221; _builder_version=&#8221;4.16&#8243; _module_preset=&#8221;default&#8221; background_image=&#8221;https:\/\/www.kartanopadel.com\/wp-content\/uploads\/2023\/10\/tennis-club-033.png&#8221; min_height=&#8221;943.4px&#8221; custom_padding=&#8221;0px||0px|||&#8221; global_colors_info=&#8221;{}&#8221;][et_pb_row column_structure=&#8221;1_2,1_2&#8243; _builder_version=&#8221;4.16&#8243; _module_preset=&#8221;default&#8221; global_colors_info=&#8221;{}&#8221;][et_pb_column type=&#8221;1_2&#8243; _builder_version=&#8221;4.27.4&#8243; _module_preset=&#8221;default&#8221; global_colors_info=&#8221;{}&#8221;][et_pb_heading title=&#8221;Yhteisty\u00f6kumppaneiden tarjoamat j\u00e4senedut&#8221; _builder_version=&#8221;4.27.4&#8243; _module_preset=&#8221;default&#8221; global_colors_info=&#8221;{}&#8221;][\/et_pb_heading][\/et_pb_column][et_pb_column type=&#8221;1_2&#8243; _builder_version=&#8221;4.16&#8243; _module_preset=&#8221;default&#8221; global_colors_info=&#8221;{}&#8221;][et_pb_text _builder_version=&#8221;4.22.2&#8243; _module_preset=&#8221;33d8ed47-9575-4183-ae48-b1d6c4145db4&#8243; header_2_font=&#8221;Syncopate|700||on|||||&#8221; header_2_text_color=&#8221;#000000&#8243; header_2_font_size=&#8221;60px&#8221; header_2_line_height=&#8221;1.2em&#8221; header_2_font_size_tablet=&#8221;32px&#8221; header_2_font_size_phone=&#8221;20px&#8221; header_2_font_size_last_edited=&#8221;on|phone&#8221; locked=&#8221;off&#8221; global_colors_info=&#8221;{}&#8221;][\/et_pb_text][\/et_pb_column][\/et_pb_row][et_pb_row _builder_version=&#8221;4.22.2&#8243; _module_preset=&#8221;default&#8221; custom_margin=&#8221;-22px|auto||auto||&#8221; global_colors_info=&#8221;{}&#8221;][et_pb_column type=&#8221;4_4&#8243; _builder_version=&#8221;4.22.2&#8243; _module_preset=&#8221;default&#8221; global_colors_info=&#8221;{}&#8221;][et_pb_text _builder_version=&#8221;4.27.4&#8243; _module_preset=&#8221;default&#8221; global_colors_info=&#8221;{}&#8221;]<\/p>\n<p><strong><a href=\"https:\/\/shop.nikolaurila.fi\/myymala\/\" title=\"Verkkosivuille\" target=\"_blank\" rel=\"noopener\">Niko Laurila Shop<\/a>\u00a0<\/strong>&#8211; 10% alennus kivijalkamyym\u00e4l\u00e4st\u00e4<\/p>\n<p><a href=\"https:\/\/pesuparatiisi.fi\/\" title=\"Verkkosivuille\" target=\"_blank\" rel=\"noopener\"><strong>Pesuparatiisi<\/strong> <\/a>&#8211; 20% alennus mattojen pesusta<\/p>\n<p><a href=\"https:\/\/www.heragrilli.fi\/\" target=\"_blank\" rel=\"noopener\" title=\"Verkkosivuille\"><strong>7-tien Hera grilli<\/strong><\/a> &#8211; Tuplajuustoateria tai pekoniateria (sis. ranskalaiset ja t\u00f6lkkilimu) 10\u20ac, porsaanlehtipihvi maustevoilla ja ranskalaisilla 10\u20ac, pullakahvit 4,5\u20ac, kahvi ja s\u00e4mpyl\u00e4 5\u20ac<\/p>\n<p><strong>Joni Perttil\u00e4<\/strong> &#8211; Hieronta 50\u20ac 60min, varaa aika 040 734 0119<\/p>\n<p><a href=\"https:\/\/www.piasalonenphotography.fi\/\" target=\"_blank\" rel=\"noopener\" title=\"Verkkosivuille\"><strong>Pia Salonen Photography<\/strong><\/a> &#8211; 10% alennus kuvapaketeista (ei koske juhlia\/tapahtumia\/minikuvauksia)<\/p>\n<p><a href=\"https:\/\/www.facebook.com\/aitokauppaporvoo\/?ref=br_rs\"><strong>LeRouge<\/strong><\/a> &#8211; Kaikista normaalihintaisista tuotteista 15% alennus<\/p>\n<p>[\/et_pb_text][\/et_pb_column][\/et_pb_row][et_pb_row column_structure=&#8221;1_5,1_5,1_5,1_5,1_5&#8243; _builder_version=&#8221;4.27.4&#8243; _module_preset=&#8221;default&#8221; global_colors_info=&#8221;{}&#8221;][et_pb_column type=&#8221;1_5&#8243; _builder_version=&#8221;4.27.4&#8243; _module_preset=&#8221;default&#8221; global_colors_info=&#8221;{}&#8221;][et_pb_image src=&#8221;https:\/\/www.kartanopadel.com\/wp-content\/uploads\/2025\/08\/HERA1-grilli-logo.jpg&#8221; title_text=&#8221;HERA Grilli&#8221; url=&#8221;https:\/\/www.heragrilli.fi\/&#8221; url_new_window=&#8221;on&#8221; _builder_version=&#8221;4.27.4&#8243; _module_preset=&#8221;default&#8221; global_colors_info=&#8221;{}&#8221;][\/et_pb_image][\/et_pb_column][et_pb_column type=&#8221;1_5&#8243; _builder_version=&#8221;4.27.4&#8243; _module_preset=&#8221;default&#8221; global_colors_info=&#8221;{}&#8221;][et_pb_image src=&#8221;https:\/\/www.kartanopadel.com\/wp-content\/uploads\/2025\/08\/Pia-Salonen-Photography-logo.jpg&#8221; title_text=&#8221;Pia Salonen Photography &#8221; url=&#8221;https:\/\/www.piasalonenphotography.fi\/&#8221; url_new_window=&#8221;on&#8221; _builder_version=&#8221;4.27.4&#8243; _module_preset=&#8221;default&#8221; global_colors_info=&#8221;{}&#8221;][\/et_pb_image][\/et_pb_column][et_pb_column type=&#8221;1_5&#8243; _builder_version=&#8221;4.27.4&#8243; _module_preset=&#8221;default&#8221; global_colors_info=&#8221;{}&#8221;][et_pb_image src=&#8221;https:\/\/www.kartanopadel.com\/wp-content\/uploads\/2025\/08\/Rouge-logo.jpeg&#8221; title_text=&#8221;Rouge&#8221; url=&#8221;https:\/\/www.facebook.com\/aitokauppaporvoo\/?ref=br_rs&#8221; url_new_window=&#8221;on&#8221; _builder_version=&#8221;4.27.4&#8243; _module_preset=&#8221;default&#8221; global_colors_info=&#8221;{}&#8221;][\/et_pb_image][\/et_pb_column][et_pb_column type=&#8221;1_5&#8243; _builder_version=&#8221;4.27.4&#8243; _module_preset=&#8221;default&#8221; global_colors_info=&#8221;{}&#8221;][et_pb_image src=&#8221;https:\/\/www.kartanopadel.com\/wp-content\/uploads\/2025\/08\/Pesuparatiisi-logo.jpg&#8221; title_text=&#8221;Pesuparatiisi &#8221; url=&#8221;https:\/\/pesuparatiisi.fi\/&#8221; url_new_window=&#8221;on&#8221; _builder_version=&#8221;4.27.4&#8243; _module_preset=&#8221;default&#8221; global_colors_info=&#8221;{}&#8221;][\/et_pb_image][\/et_pb_column][et_pb_column type=&#8221;1_5&#8243; _builder_version=&#8221;4.27.4&#8243; _module_preset=&#8221;default&#8221; global_colors_info=&#8221;{}&#8221;][et_pb_image src=&#8221;https:\/\/www.kartanopadel.com\/wp-content\/uploads\/2025\/08\/Niko_Laurila_vaaka_mustapuna.jpg&#8221; title_text=&#8221;Niko Laurila Shop&#8221; url=&#8221;https:\/\/nikolaurila.fi\/&#8221; url_new_window=&#8221;on&#8221; _builder_version=&#8221;4.27.4&#8243; _module_preset=&#8221;default&#8221; global_colors_info=&#8221;{}&#8221;][\/et_pb_image][\/et_pb_column][\/et_pb_row][et_pb_row _builder_version=&#8221;4.22.2&#8243; _module_preset=&#8221;default&#8221; global_colors_info=&#8221;{}&#8221;][et_pb_column type=&#8221;4_4&#8243; _builder_version=&#8221;4.22.2&#8243; _module_preset=&#8221;default&#8221; global_colors_info=&#8221;{}&#8221;][et_pb_text _builder_version=&#8221;4.22.2&#8243; _module_preset=&#8221;33d8ed47-9575-4183-ae48-b1d6c4145db4&#8243; header_2_font=&#8221;Syncopate|700||on|||||&#8221; header_2_text_color=&#8221;#000000&#8243; header_2_font_size=&#8221;60px&#8221; header_2_line_height=&#8221;1.2em&#8221; custom_margin=&#8221;||-18px|||&#8221; header_2_font_size_tablet=&#8221;32px&#8221; header_2_font_size_phone=&#8221;20px&#8221; header_2_font_size_last_edited=&#8221;on|phone&#8221; locked=&#8221;off&#8221; global_colors_info=&#8221;{}&#8221;]<\/p>\n<h2>Liity j\u00e4seneksi<\/h2>\n<p>[\/et_pb_text][\/et_pb_column][\/et_pb_row][et_pb_row column_structure=&#8221;1_3,1_3,1_3&#8243; _builder_version=&#8221;4.22.2&#8243; _module_preset=&#8221;default&#8221; custom_padding=&#8221;6px|||||&#8221; global_colors_info=&#8221;{}&#8221;][et_pb_column type=&#8221;1_3&#8243; _builder_version=&#8221;4.22.2&#8243; _module_preset=&#8221;default&#8221; global_colors_info=&#8221;{}&#8221;][et_pb_heading title=&#8221;J\u00e4senmaksu ajalle 2025 &#8211; 2026&#8243; _builder_version=&#8221;4.27.4&#8243; _module_preset=&#8221;default&#8221; global_colors_info=&#8221;{}&#8221;][\/et_pb_heading][et_pb_text _builder_version=&#8221;4.22.2&#8243; _module_preset=&#8221;default&#8221; global_colors_info=&#8221;{}&#8221;]<\/p>\n<p><strong>Vuoden 2025 j\u00e4senmaksu on 10\u20ac (alle 18v juniorij\u00e4senyys 5\u20ac)<\/strong><\/p>\n<p>Toimintakausi on tammi-joulukuu, joten nyt syksyll\u00e4 2025 liittyess\u00e4 saa kuluvan syksyn kaupan p\u00e4\u00e4lle.<\/p>\n<p>&nbsp;<\/p>\n<p>[\/et_pb_text][\/et_pb_column][et_pb_column type=&#8221;1_3&#8243; _builder_version=&#8221;4.22.2&#8243; _module_preset=&#8221;default&#8221; global_colors_info=&#8221;{}&#8221;][et_pb_heading title=&#8221;Liity helposti maksamalla mobilepaylla&#8221; _builder_version=&#8221;4.27.4&#8243; _module_preset=&#8221;default&#8221; custom_padding=&#8221;||0px|||&#8221; global_colors_info=&#8221;{}&#8221;][\/et_pb_heading][et_pb_text _builder_version=&#8221;4.27.4&#8243; _module_preset=&#8221;default&#8221; hover_enabled=&#8221;0&#8243; global_colors_info=&#8221;{}&#8221; sticky_enabled=&#8221;0&#8243;]<\/p>\n<p><strong>Liity helposti maksamalla j\u00e4senmaksu 10\u20ac (juniorit 5\u20ac) mobilepay numeroon 28464<\/strong><\/p>\n<p><strong>kirjoita viestikentt\u00e4\u00e4n s\u00e4hk\u00f6postiosoitteesi ja puhelinnumero.<\/strong><\/p>\n<p>[\/et_pb_text][\/et_pb_column][et_pb_column type=&#8221;1_3&#8243; _builder_version=&#8221;4.22.2&#8243; _module_preset=&#8221;default&#8221; global_colors_info=&#8221;{}&#8221;][et_pb_heading title=&#8221;Yhteystiedot&#8221; _builder_version=&#8221;4.27.4&#8243; _module_preset=&#8221;default&#8221; custom_padding=&#8221;||0px|||&#8221; global_colors_info=&#8221;{}&#8221;][\/et_pb_heading][et_pb_text _builder_version=&#8221;4.27.4&#8243; _module_preset=&#8221;default&#8221; global_colors_info=&#8221;{}&#8221;]<\/p>\n<p><strong>Smash Out Porvoo ry<\/strong><\/p>\n<p>Raudoittajantie 3, 06400 PORVOO<\/p>\n<p>Tiina Wahlman, <a href=\"mailto:tiina@kartanopadel.com\">tiina@kartanopadel.com<\/a>, 040\u00a0540 6190 (WA)<\/p>\n<p>[\/et_pb_text][\/et_pb_column][\/et_pb_row][et_pb_row _builder_version=&#8221;4.22.2&#8243; _module_preset=&#8221;default&#8221; global_colors_info=&#8221;{}&#8221;][et_pb_column type=&#8221;4_4&#8243; _builder_version=&#8221;4.22.2&#8243; _module_preset=&#8221;default&#8221; global_colors_info=&#8221;{}&#8221;][et_pb_divider _builder_version=&#8221;4.22.2&#8243; _module_preset=&#8221;default&#8221; global_colors_info=&#8221;{}&#8221;][\/et_pb_divider][\/et_pb_column][\/et_pb_row][\/et_pb_section][et_pb_section fb_built=&#8221;1&#8243; admin_label=&#8221;Footer&#8221; _builder_version=&#8221;4.16&#8243; _module_preset=&#8221;default&#8221; min_height=&#8221;608.6px&#8221; saved_tabs=&#8221;all&#8221; locked=&#8221;off&#8221; global_colors_info=&#8221;{}&#8221;][et_pb_row column_structure=&#8221;1_3,1_3,1_3&#8243; use_custom_gutter=&#8221;on&#8221; gutter_width=&#8221;1&#8243; make_equal=&#8221;on&#8221; _builder_version=&#8221;4.16&#8243; _module_preset=&#8221;default&#8221; global_colors_info=&#8221;{}&#8221;][et_pb_column type=&#8221;1_3&#8243; _builder_version=&#8221;4.16&#8243; _module_preset=&#8221;default&#8221; custom_padding=&#8221;|40px|||false|false&#8221; custom_padding_tablet=&#8221;|0px|40px||false|false&#8221; custom_padding_phone=&#8221;&#8221; custom_padding_last_edited=&#8221;on|phone&#8221; global_colors_info=&#8221;{}&#8221;][et_pb_text _builder_version=&#8221;4.20.2&#8243; _module_preset=&#8221;default&#8221; text_font=&#8221;Syncopate|700||on|||||&#8221; text_text_color=&#8221;#000000&#8243; text_font_size=&#8221;26px&#8221; text_line_height=&#8221;1.8em&#8221; link_text_color=&#8221;#000000&#8243; header_font=&#8221;||||||||&#8221; header_4_font=&#8221;Syncopate|700||on|||||&#8221; header_4_text_color=&#8221;#000000&#8243; header_4_font_size=&#8221;14px&#8221; header_4_line_height=&#8221;1.8em&#8221; max_width=&#8221;550px&#8221; custom_margin=&#8221;40px||||false|false&#8221; text_font_size_tablet=&#8221;20px&#8221; text_font_size_phone=&#8221;16px&#8221; text_font_size_last_edited=&#8221;on|phone&#8221; header_4_font_size_tablet=&#8221;14px&#8221; header_4_font_size_phone=&#8221;12px&#8221; header_4_font_size_last_edited=&#8221;on|desktop&#8221; locked=&#8221;off&#8221; global_colors_info=&#8221;{}&#8221;]<\/p>\n<h4>Pelikenttien osoitteet<\/h4>\n<p>[\/et_pb_text][et_pb_text _builder_version=&#8221;4.20.2&#8243; _module_preset=&#8221;default&#8221; text_font=&#8221;Syncopate|700|||||||&#8221; text_text_color=&#8221;#000000&#8243; text_font_size=&#8221;24px&#8221; text_line_height=&#8221;1.5em&#8221; link_text_color=&#8221;#000000&#8243; global_colors_info=&#8221;{}&#8221;]<\/p>\n<h4><strong>Kartano Padel Haikkoo (ulkokentt\u00e4)<br \/><\/strong><\/h4>\n<h4>Haikkoontie 114<\/h4>\n<h4>06400 Porvoo<\/h4>\n<p>&nbsp;<\/p>\n<h4><strong>Kartano Padel \u00d6lstens (sis\u00e4kent\u00e4t)<br \/><\/strong><\/h4>\n<h4>Raudoittajantie 3<\/h4>\n<h4>06400 Porvoo<\/h4>\n<p>[\/et_pb_text][\/et_pb_column][et_pb_column type=&#8221;1_3&#8243; _builder_version=&#8221;4.16&#8243; _module_preset=&#8221;default&#8221; background_color=&#8221;#d5ff00&#8243; custom_padding=&#8221;50px|50px|50px|50px|true|true&#8221; custom_padding_tablet=&#8221;&#8221; custom_padding_phone=&#8221;20px|20px|20px|20px|true|true&#8221; custom_padding_last_edited=&#8221;on|phone&#8221; global_colors_info=&#8221;{%22gcid-5fba0126-308f-4f42-aa94-6c5d80831bca%22:%91%93}&#8221;][et_pb_text _builder_version=&#8221;4.17.4&#8243; _module_preset=&#8221;default&#8221; header_font=&#8221;||||||||&#8221; header_4_font=&#8221;Syncopate|700||on|||||&#8221; header_4_text_color=&#8221;#000000&#8243; header_4_font_size=&#8221;14px&#8221; header_4_line_height=&#8221;1.8em&#8221; max_width=&#8221;550px&#8221; custom_margin=&#8221;||0px||false|false&#8221; header_4_font_size_tablet=&#8221;14px&#8221; header_4_font_size_phone=&#8221;12px&#8221; header_4_font_size_last_edited=&#8221;on|desktop&#8221; locked=&#8221;off&#8221; global_colors_info=&#8221;{}&#8221;]<\/p>\n<h4>Kartano Padel Oy<\/h4>\n<p>&nbsp;<\/p>\n<p>[\/et_pb_text][et_pb_text _builder_version=&#8221;4.17.4&#8243; _module_preset=&#8221;default&#8221; global_colors_info=&#8221;{}&#8221;]<\/p>\n<p>Laskutusosoite: Vehkasuontie 16, 06750 Tolkkinen<\/p>\n<p>Y-tunnus: 3290261-5<\/p>\n<p>&nbsp;<\/p>\n<p>S\u00e4hk\u00f6posti: <a href=\"mailto:info@kartanopadel.com\">info@kartanopadel.com<\/a> <\/p>\n<p>&nbsp;<\/p>\n<p>[\/et_pb_text][\/et_pb_column][et_pb_column type=&#8221;1_3&#8243; _builder_version=&#8221;4.16&#8243; _module_preset=&#8221;default&#8221; background_color=&#8221;#000000&#8243; custom_padding=&#8221;100px||50px|50px|false|false&#8221; custom_padding_tablet=&#8221;&#8221; custom_padding_phone=&#8221;20px|20px|20px|20px|true|true&#8221; custom_padding_last_edited=&#8221;on|phone&#8221; box_shadow_style=&#8221;preset4&#8243; box_shadow_horizontal=&#8221;250px&#8221; box_shadow_vertical=&#8221;0px&#8221; box_shadow_color=&#8221;#000000&#8243; box_shadow_horizontal_tablet=&#8221;0px&#8221; box_shadow_horizontal_phone=&#8221;&#8221; box_shadow_horizontal_last_edited=&#8221;on|phone&#8221; global_colors_info=&#8221;{%22gcid-5fba0126-308f-4f42-aa94-6c5d80831bca%22:%91%93,%22gcid-659417ab-e651-462e-aeeb-08590c0ad506%22:%91%93}&#8221;][et_pb_divider color=&#8221;#D5FF00&#8243; divider_weight=&#8221;23px&#8221; divider_weight_tablet=&#8221;0px&#8221; divider_weight_phone=&#8221;&#8221; divider_weight_last_edited=&#8221;on|phone&#8221; _builder_version=&#8221;4.16&#8243; _module_preset=&#8221;default&#8221; positioning=&#8221;absolute&#8221; width=&#8221;100%&#8221; box_shadow_style=&#8221;preset4&#8243; box_shadow_horizontal=&#8221;250px&#8221; box_shadow_vertical=&#8221;0px&#8221; box_shadow_color=&#8221;#FFFFFF&#8221; box_shadow_horizontal_tablet=&#8221;0px&#8221; box_shadow_horizontal_phone=&#8221;&#8221; box_shadow_horizontal_last_edited=&#8221;on|tablet&#8221; box_shadow_color_last_edited=&#8221;off|tablet&#8221; global_colors_info=&#8221;{}&#8221; divider_weight__hover_enabled=&#8221;off|desktop&#8221;][\/et_pb_divider][et_pb_text _builder_version=&#8221;4.17.4&#8243; _module_preset=&#8221;default&#8221; header_font=&#8221;||||||||&#8221; header_3_font=&#8221;Syncopate|700||on|||||&#8221; header_3_text_color=&#8221;#FFFFFF&#8221; header_3_font_size=&#8221;26px&#8221; header_3_line_height=&#8221;1.2em&#8221; header_3_font_size_tablet=&#8221;20px&#8221; header_3_font_size_phone=&#8221;16px&#8221; header_3_font_size_last_edited=&#8221;on|desktop&#8221; locked=&#8221;off&#8221; global_colors_info=&#8221;{}&#8221;]<\/p>\n<h3>Seuraa Meit\u00e4 somessa ja pysyt mukana mit\u00e4 milloinkin tapahtuu!<\/h3>\n<p>[\/et_pb_text][et_pb_social_media_follow _builder_version=&#8221;4.17.4&#8243; _module_preset=&#8221;default&#8221; global_colors_info=&#8221;{}&#8221;][et_pb_social_media_follow_network social_network=&#8221;facebook&#8221; url=&#8221;https:\/\/www.facebook.com\/Kartanopadel&#8221; _builder_version=&#8221;4.17.4&#8243; _module_preset=&#8221;default&#8221; background_color=&#8221;#3b5998&#8243; global_colors_info=&#8221;{}&#8221; follow_button=&#8221;off&#8221; url_new_window=&#8221;on&#8221;]facebook[\/et_pb_social_media_follow_network][et_pb_social_media_follow_network social_network=&#8221;instagram&#8221; url=&#8221;https:\/\/www.instagram.com\/kartanopadel\/&#8221; _builder_version=&#8221;4.17.4&#8243; _module_preset=&#8221;default&#8221; background_color=&#8221;#ea2c59&#8243; global_colors_info=&#8221;{}&#8221; follow_button=&#8221;off&#8221; url_new_window=&#8221;on&#8221;]instagram[\/et_pb_social_media_follow_network][et_pb_social_media_follow_network social_network=&#8221;youtube&#8221; _builder_version=&#8221;4.17.4&#8243; _module_preset=&#8221;default&#8221; background_color=&#8221;#a82400&#8243; global_colors_info=&#8221;{}&#8221; follow_button=&#8221;off&#8221; url_new_window=&#8221;on&#8221;]youtube[\/et_pb_social_media_follow_network][\/et_pb_social_media_follow][\/et_pb_column][\/et_pb_row][\/et_pb_section]<\/p>\n","protected":false},"excerpt":{"rendered":"<p>Smash Out Porvoo RySmash Out Porvoon tarkoituksena on edist\u00e4\u00e4 padelin harrastus- ja kilpailutoimintaa. J\u00e4rjest\u00e4mme erilaisia tapahtumia ja kilpailuja Kartano Padel \u00d6lstensiss\u00e4. Seura on perustettu kes\u00e4ll\u00e4 2025 ja on Suomen Padelliiton j\u00e4senseura.\u00a0Smash Out Porvoon j\u00e4senen\u00e4 saat osallistumisoikeuden liiton virallisiin kilpailuihin. Liity nyt seuran j\u00e4seneksi! Seuran toimintakausi on tammi-joulukuu mutta liittyess\u00e4si nyt syksyll\u00e4 2025 saat syksyn kaupan [&hellip;]<\/p>\n","protected":false},"author":1,"featured_media":0,"parent":0,"menu_order":0,"comment_status":"closed","ping_status":"closed","template":"","meta":{"_et_pb_use_builder":"on","_et_pb_old_content":"","_et_gb_content_width":"","footnotes":""},"class_list":["post-770","page","type-page","status-publish","hentry"],"_links":{"self":[{"href":"https:\/\/www.kartanopadel.com\/index.php?rest_route=\/wp\/v2\/pages\/770","targetHints":{"allow":["GET"]}}],"collection":[{"href":"https:\/\/www.kartanopadel.com\/index.php?rest_route=\/wp\/v2\/pages"}],"about":[{"href":"https:\/\/www.kartanopadel.com\/index.php?rest_route=\/wp\/v2\/types\/page"}],"author":[{"embeddable":true,"href":"https:\/\/www.kartanopadel.com\/index.php?rest_route=\/wp\/v2\/users\/1"}],"replies":[{"embeddable":true,"href":"https:\/\/www.kartanopadel.com\/index.php?rest_route=%2Fwp%2Fv2%2Fcomments&post=770"}],"version-history":[{"count":17,"href":"https:\/\/www.kartanopadel.com\/index.php?rest_route=\/wp\/v2\/pages\/770\/revisions"}],"predecessor-version":[{"id":811,"href":"https:\/\/www.kartanopadel.com\/index.php?rest_route=\/wp\/v2\/pages\/770\/revisions\/811"}],"wp:attachment":[{"href":"https:\/\/www.kartanopadel.com\/index.php?rest_route=%2Fwp%2Fv2%2Fmedia&parent=770"}],"curies":[{"name":"wp","href":"https:\/\/api.w.org\/{rel}","templated":true}]}}